{"id":8313,"date":"2025-02-25T12:35:56","date_gmt":"2025-02-25T11:35:56","guid":{"rendered":"https:\/\/www.agromino.com\/?page_id=8313"},"modified":"2025-02-25T12:36:17","modified_gmt":"2025-02-25T11:36:17","slug":"identifikacni-udaje-spolecnosti-agromino-a-s-identification-of-agromino-a-s","status":"publish","type":"page","link":"https:\/\/www.agromino.com\/ua\/identifikacni-udaje-spolecnosti-agromino-a-s-identification-of-agromino-a-s\/","title":{"rendered":"Identification of Agromino a.s."},"content":{"rendered":"<p><strong>Obchodn\u00ed firma:<\/strong> Agromino a.s.<br \/>\n<strong>S\u00eddlo:<\/strong> Churnajevova 1217\/10, Mod\u0159any, 143 00 Praha 4, \u010cesk\u00e1 Republika<br \/>\n<strong>I\u010cO:<\/strong> 05586178<br \/>\n<strong>DI\u010c:<\/strong> CZ05586178<br \/>\n<strong>Spisov\u00e1 zna\u010dka:<\/strong> Spole\u010dnost je zaps\u00e1na v obchodn\u00edm rejst\u0159\u00edku veden\u00e9m M\u011bstsk\u00fdm soudem v Praze, odd\u00edl B, vlo\u017eka 22024.<br \/>\n&#8212;&#8212;&#8212;&#8212;&#8212;&#8212;&#8212;&#8212;&#8212;&#8212;&#8212;&#8212;&#8212;&#8212;&#8212;&#8212;-<\/p>\n<p><strong>Identification of Agromino a.s.<\/strong><\/p>\n<p><strong>Company Name:<\/strong> Agromino a.s.<br \/>\n<strong>Registered Office:<\/strong> Churnajevova 1217\/10, Mod\u0159any, 143 00 Prague 4, Czechia<br \/>\n<strong>Company Identification Number (I\u010cO):<\/strong> 05586178<br \/>\n<strong>Tax Identification Number (DI\u010c):<\/strong> CZ05586178<br \/>\n<strong>Registration Number:<\/strong> The company is registered in the Commercial Register maintained by Municipal Court in Prague, Section B, Insert 22024.<\/p>\n","protected":false},"excerpt":{"rendered":"<p>Obchodn\u00ed firma: Agromino a.s. S\u00eddlo: Churnajevova 1217\/10, Mod\u0159any, 143 00 Praha 4, \u010cesk\u00e1 Republika I\u010cO: 05586178 DI\u010c: CZ05586178 Spisov\u00e1 zna\u010dka: Spole\u010dnost je zaps\u00e1na v obchodn\u00edm rejst\u0159\u00edku veden\u00e9m M\u011bstsk\u00fdm soudem v Praze, odd\u00edl B, vlo\u017eka 22024. &#8212;&#8212;&#8212;&#8212;&#8212;&#8212;&#8212;&#8212;&#8212;&#8212;&#8212;&#8212;&#8212;&#8212;&#8212;&#8212;- Identification of Agromino a.s. Company Name: Agromino a.s. Registered Office: Churnajevova 1217\/10, Mod\u0159any, 143 00 Prague 4, Czechia Company Identification Number (I\u010cO): 05586178 Tax Identification Number (DI\u010c): CZ05586178 Registration Number: The company is registered in the Commercial Register maintained by Municipal Court in Prague, Section B, Insert 22024.<\/p>\n","protected":false},"author":7,"featured_media":0,"parent":0,"menu_order":0,"comment_status":"closed","ping_status":"closed","template":"","meta":{"ngg_post_thumbnail":0,"footnotes":"","_links_to":"","_links_to_target":""},"class_list":["post-8313","page","type-page","status-publish","hentry"],"_links":{"self":[{"href":"https:\/\/www.agromino.com\/ua\/wp-json\/wp\/v2\/pages\/8313","targetHints":{"allow":["GET"]}}],"collection":[{"href":"https:\/\/www.agromino.com\/ua\/wp-json\/wp\/v2\/pages"}],"about":[{"href":"https:\/\/www.agromino.com\/ua\/wp-json\/wp\/v2\/types\/page"}],"author":[{"embeddable":true,"href":"https:\/\/www.agromino.com\/ua\/wp-json\/wp\/v2\/users\/7"}],"replies":[{"embeddable":true,"href":"https:\/\/www.agromino.com\/ua\/wp-json\/wp\/v2\/comments?post=8313"}],"version-history":[{"count":3,"href":"https:\/\/www.agromino.com\/ua\/wp-json\/wp\/v2\/pages\/8313\/revisions"}],"predecessor-version":[{"id":8316,"href":"https:\/\/www.agromino.com\/ua\/wp-json\/wp\/v2\/pages\/8313\/revisions\/8316"}],"wp:attachment":[{"href":"https:\/\/www.agromino.com\/ua\/wp-json\/wp\/v2\/media?parent=8313"}],"curies":[{"name":"wp","href":"https:\/\/api.w.org\/{rel}","templated":true}]}}