{"id":3824,"date":"2017-01-17T15:42:31","date_gmt":"2017-01-17T15:42:31","guid":{"rendered":"http:\/\/www.trigonagri.com\/?page_id=3824"},"modified":"2019-12-13T09:29:55","modified_gmt":"2019-12-13T08:29:55","slug":"management","status":"publish","type":"page","link":"https:\/\/www.agromino.com\/ua\/about\/corporate-governance\/management\/","title":{"rendered":"Executive Management"},"content":{"rendered":"<h3>Petr Toman,&nbsp;Chief Executive Officer<\/h3>\n<p>Petr Toman has 24 years of experience of working in different <img fetchpriority=\"high\" decoding=\"async\" class=\"size-medium wp-image-4867 alignleft\" src=\"http:\/\/www.agromino.com\/wp-content\/uploads\/2017\/01\/Toman-foto-194x300.jpg\" alt=\"\" width=\"194\" height=\"300\" srcset=\"https:\/\/www.agromino.com\/wp-content\/uploads\/2017\/01\/Toman-foto-194x300.jpg 194w, https:\/\/www.agromino.com\/wp-content\/uploads\/2017\/01\/Toman-foto.jpg 456w\" sizes=\"(max-width: 194px) 100vw, 194px\" \/>management roles and in M&amp;A advisory services. Mr. Toman has a strong background in agribusiness. In 2014 he co-founded and started to manage agriholding company Resilient, which operates on 9000 hectares in Ukraine. Mr. Toman\u2019s current positions include being the CEO of Resilient Group and CEO of Czech investment fund Mabon investi\u010dn\u00ed fond s prom\u011bnn\u00fdm z\u00e1kladn\u00edm kapit\u00e1lem a.s. Mr. Toman was born in 1973 and holds an MSc from the University of Economics, Prague.<\/p>\n<p>&nbsp;<\/p>\n<p>&nbsp;<\/p>\n<h3>Rastislav Pag\u00e1\u010d, Executive Board Member<\/h3>\n<p>Rastislav Pag\u00e1\u010d has 12 years of experience <img decoding=\"async\" class=\"alignleft\" src=\"http:\/\/www.agromino.com\/wp-content\/uploads\/2019\/12\/Bez-n%C3%A1zvu-3.png\" width=\"194\" height=\"300\">in international law and business. He was active in legal consultancy business as well as an in-house counsel in major Central European listed bank and international energy company. He has practical experience in the area of investment banking regulations, international contracting and company law. Over the course of his engagements, he was responsible for the management of legal and regulatory affairs in several jurisdictions on 4 continents with a particular focus on projects located in CIS countries. Mr. Pag\u00e1\u010d holds LLM in International Business Law from the Tilburg University and has advanced knowledge of Russian.<\/p>\n<p>&nbsp;<\/p>\n<p>&nbsp;<\/p>\n<p>&nbsp;<\/p>\n<p><a href=\"http:\/\/www.agromino.com\/wp-content\/uploads\/2018\/08\/Guidelines-on-Segregation-of-Duties.pdf\"><span lang=\"ET\" style=\"margin: 0px; color: #333333; font-family: 'Georgia',serif;\">Guidelines for the segregation of duties between the Board of Directors and the Executive Board<\/span><\/a><\/p>\n","protected":false},"excerpt":{"rendered":"<p>Petr Toman,&nbsp;Chief Executive Officer Petr Toman has 24 years of experience of working in different management roles and in M&amp;A advisory services. Mr. Toman has a strong background in agribusiness. In 2014 he co-founded and started to manage agriholding company Resilient, which operates on 9000 hectares in Ukraine. Mr. Toman\u2019s current positions include being the CEO of Resilient Group and CEO of Czech investment fund Mabon investi\u010dn\u00ed fond s prom\u011bnn\u00fdm z\u00e1kladn\u00edm kapit\u00e1lem a.s. Mr. Toman was born in 1973 and holds an MSc from the University of Economics, Prague. &nbsp; &nbsp; Rastislav Pag\u00e1\u010d, Executive Board Member Rastislav Pag\u00e1\u010d has 12 years of experience in international law and business. He was active in legal consultancy business as well as an in-house counsel in major Central European listed bank and international energy company. He has practical experience in the area of investment banking regulations, international contracting and company law. Over the course of his engagements, he was responsible for the management of legal and regulatory affairs in several jurisdictions on 4 continents with a particular focus on projects located in CIS countries. Mr. Pag\u00e1\u010d holds LLM in International Business Law from the Tilburg University and has advanced knowledge of Russian. &nbsp; &nbsp; &nbsp; Guidelines for the segregation of duties between the Board of Directors and the Executive Board<\/p>\n","protected":false},"author":7,"featured_media":0,"parent":8,"menu_order":2,"comment_status":"closed","ping_status":"closed","template":"","meta":{"ngg_post_thumbnail":0,"footnotes":"","_links_to":"","_links_to_target":""},"class_list":["post-3824","page","type-page","status-publish","hentry"],"_links":{"self":[{"href":"https:\/\/www.agromino.com\/ua\/wp-json\/wp\/v2\/pages\/3824","targetHints":{"allow":["GET"]}}],"collection":[{"href":"https:\/\/www.agromino.com\/ua\/wp-json\/wp\/v2\/pages"}],"about":[{"href":"https:\/\/www.agromino.com\/ua\/wp-json\/wp\/v2\/types\/page"}],"author":[{"embeddable":true,"href":"https:\/\/www.agromino.com\/ua\/wp-json\/wp\/v2\/users\/7"}],"replies":[{"embeddable":true,"href":"https:\/\/www.agromino.com\/ua\/wp-json\/wp\/v2\/comments?post=3824"}],"version-history":[{"count":33,"href":"https:\/\/www.agromino.com\/ua\/wp-json\/wp\/v2\/pages\/3824\/revisions"}],"predecessor-version":[{"id":5344,"href":"https:\/\/www.agromino.com\/ua\/wp-json\/wp\/v2\/pages\/3824\/revisions\/5344"}],"up":[{"embeddable":true,"href":"https:\/\/www.agromino.com\/ua\/wp-json\/wp\/v2\/pages\/8"}],"wp:attachment":[{"href":"https:\/\/www.agromino.com\/ua\/wp-json\/wp\/v2\/media?parent=3824"}],"curies":[{"name":"wp","href":"https:\/\/api.w.org\/{rel}","templated":true}]}}